{"id":447,"date":"2024-07-05T08:38:56","date_gmt":"2024-07-05T11:38:56","guid":{"rendered":"https:\/\/www.protestedigital.com\/site\/?page_id=447"},"modified":"2024-07-09T07:34:03","modified_gmt":"2024-07-09T10:34:03","slug":"carta-de-anuencia","status":"publish","type":"page","link":"https:\/\/www.protestedigital.com\/site\/carta-de-anuencia\/","title":{"rendered":"Carta de Anu\u00eancia"},"content":{"rendered":"\t\t<div data-elementor-type=\"wp-page\" data-elementor-id=\"447\" class=\"elementor elementor-447\" data-elementor-post-type=\"page\">\n\t\t\t\t<div class=\"elementor-element elementor-element-643e63c e-flex e-con-boxed e-con e-parent\" data-id=\"643e63c\" data-element_type=\"container\">\n\t\t\t\t\t<div class=\"e-con-inner\">\n\t\t<div class=\"elementor-element elementor-element-3cbfe75 e-con-full e-flex e-con e-child\" data-id=\"3cbfe75\" data-element_type=\"container\">\n\t\t\t\t<div class=\"elementor-element elementor-element-c82ae52 elementor-widget elementor-widget-text-editor\" data-id=\"c82ae52\" data-element_type=\"widget\" data-widget_type=\"text-editor.default\">\n\t\t\t\t<div class=\"elementor-widget-container\">\n\t\t\t<style>\/*! elementor - v3.22.0 - 26-06-2024 *\/\n.elementor-widget-text-editor.elementor-drop-cap-view-stacked .elementor-drop-cap{background-color:#69727d;color:#fff}.elementor-widget-text-editor.elementor-drop-cap-view-framed .elementor-drop-cap{color:#69727d;border:3px solid;background-color:transparent}.elementor-widget-text-editor:not(.elementor-drop-cap-view-default) .elementor-drop-cap{margin-top:8px}.elementor-widget-text-editor:not(.elementor-drop-cap-view-default) .elementor-drop-cap-letter{width:1em;height:1em}.elementor-widget-text-editor .elementor-drop-cap{float:left;text-align:center;line-height:1;font-size:50px}.elementor-widget-text-editor .elementor-drop-cap-letter{display:inline-block}<\/style>\t\t\t\t<h1><strong>O que \u00e9 a carta de anu\u00eancia?<\/strong><\/h1><div class=\"avatar-gutter ng-tns-c4108144123-19 ng-star-inserted\"><div class=\"resize-observable\">\u00a0<\/div><\/div><div class=\"response-container-content ng-tns-c4108144123-19\"><div class=\"response-content ng-tns-c4108144123-19\"><div class=\"markdown markdown-main-panel\" dir=\"ltr\"><p data-sourcepos=\"1:1-1:270\"><span class=\"citation-0 entailed\" tabindex=\"0\" role=\"button\">Uma <\/span><strong><span class=\"citation-0 entailed\" tabindex=\"0\" role=\"button\">carta de anu\u00eancia<\/span><\/strong><span class=\"citation-0 entailed\" tabindex=\"0\" role=\"button\">, tamb\u00e9m conhecida como <\/span><strong><span class=\"citation-0 entailed\" tabindex=\"0\" role=\"button\">anu\u00eancia\/autoriza\u00e7\u00e3o para cancelamento<\/span><\/strong><span class=\"citation-0 entailed\" tabindex=\"0\" role=\"button\">, \u00e9 um documento emitido pelo <\/span><strong><span class=\"citation-0 entailed\" tabindex=\"0\" role=\"button\">credor<\/span><\/strong><span class=\"citation-0 entailed\" tabindex=\"0\" role=\"button\"> no qual ele declara ter recebido o valor integral da d\u00edvida e <\/span><strong><span class=\"citation-0 entailed\" tabindex=\"0\" role=\"button\">autoriza o cancelamento do protesto<\/span><\/strong><span class=\"citation-0 entailed citation-end-0\" tabindex=\"0\" role=\"button\"> do devedor em cart\u00f3rio.<\/span><\/p><p data-sourcepos=\"3:1-3:130\">Em resumo, a carta de anu\u00eancia funciona como uma <strong>prova de pagamento<\/strong> e garante ao devedor a <strong>baixa do protesto<\/strong> em seu nome.<\/p><\/div><\/div><\/div>\t\t\t\t\t\t<\/div>\n\t\t\t\t<\/div>\n\t\t\t\t<\/div>\n\t\t<div class=\"elementor-element elementor-element-85eb29b e-con-full e-flex e-con e-child\" data-id=\"85eb29b\" data-element_type=\"container\">\n\t\t\t\t<div class=\"elementor-element elementor-element-ac62cd9 elementor-widget elementor-widget-image\" data-id=\"ac62cd9\" data-element_type=\"widget\" data-widget_type=\"image.default\">\n\t\t\t\t<div class=\"elementor-widget-container\">\n\t\t\t<style>\/*! elementor - v3.22.0 - 26-06-2024 *\/\n.elementor-widget-image{text-align:center}.elementor-widget-image a{display:inline-block}.elementor-widget-image a img[src$=\".svg\"]{width:48px}.elementor-widget-image img{vertical-align:middle;display:inline-block}<\/style>\t\t\t\t\t\t\t\t\t\t<img fetchpriority=\"high\" decoding=\"async\" width=\"800\" height=\"800\" src=\"https:\/\/www.protestedigital.com\/site\/wp-content\/uploads\/2024\/07\/Emails-amico-1024x1024.png\" class=\"attachment-large size-large wp-image-455\" alt=\"\" srcset=\"https:\/\/www.protestedigital.com\/site\/wp-content\/uploads\/2024\/07\/Emails-amico-1024x1024.png 1024w, https:\/\/www.protestedigital.com\/site\/wp-content\/uploads\/2024\/07\/Emails-amico-300x300.png 300w, https:\/\/www.protestedigital.com\/site\/wp-content\/uploads\/2024\/07\/Emails-amico-150x150.png 150w, https:\/\/www.protestedigital.com\/site\/wp-content\/uploads\/2024\/07\/Emails-amico-768x768.png 768w, https:\/\/www.protestedigital.com\/site\/wp-content\/uploads\/2024\/07\/Emails-amico-1536x1536.png 1536w, https:\/\/www.protestedigital.com\/site\/wp-content\/uploads\/2024\/07\/Emails-amico.png 2000w\" sizes=\"(max-width: 800px) 100vw, 800px\" \/>\t\t\t\t\t\t\t\t\t\t\t\t\t<\/div>\n\t\t\t\t<\/div>\n\t\t\t\t<\/div>\n\t\t\t\t\t<\/div>\n\t\t\t\t<\/div>\n\t\t<div class=\"elementor-element elementor-element-34b4282 e-flex e-con-boxed e-con e-parent\" data-id=\"34b4282\" data-element_type=\"container\" data-settings=\"{&quot;background_background&quot;:&quot;classic&quot;}\">\n\t\t\t\t\t<div class=\"e-con-inner\">\n\t\t<div class=\"elementor-element elementor-element-d94ac3c e-con-full e-flex e-con e-child\" data-id=\"d94ac3c\" data-element_type=\"container\">\n\t\t\t\t<div class=\"elementor-element elementor-element-8e4e736 elementor-widget elementor-widget-text-editor\" data-id=\"8e4e736\" data-element_type=\"widget\" data-widget_type=\"text-editor.default\">\n\t\t\t\t<div class=\"elementor-widget-container\">\n\t\t\t\t\t\t\t<h1><strong>Carta de Anu\u00eancia Online, R\u00e1pida e F\u00e1cil<\/strong><\/h1><p>Libere-se das amarras burocr\u00e1ticas com nossa carta de anu\u00eancia online, descomplicada e r\u00e1pida!<\/p>\t\t\t\t\t\t<\/div>\n\t\t\t\t<\/div>\n\t\t\t\t<div class=\"elementor-element elementor-element-78e44f0 elementor-widget elementor-widget-button\" data-id=\"78e44f0\" data-element_type=\"widget\" data-widget_type=\"button.default\">\n\t\t\t\t<div class=\"elementor-widget-container\">\n\t\t\t\t\t<div class=\"elementor-button-wrapper\">\n\t\t\t<a class=\"elementor-button elementor-button-link elementor-size-sm\" href=\"https:\/\/www.protestedigital.com.br\/sistema\/\">\n\t\t\t\t\t\t<span class=\"elementor-button-content-wrapper\">\n\t\t\t\t\t\t\t\t\t<span class=\"elementor-button-text\">Protestar Agora<\/span>\n\t\t\t\t\t<\/span>\n\t\t\t\t\t<\/a>\n\t\t<\/div>\n\t\t\t\t<\/div>\n\t\t\t\t<\/div>\n\t\t\t\t<\/div>\n\t\t<div class=\"elementor-element elementor-element-e4bd121 e-con-full e-flex e-con e-child\" data-id=\"e4bd121\" data-element_type=\"container\">\n\t\t\t\t<div class=\"elementor-element elementor-element-96f89ff elementor-widget elementor-widget-image\" data-id=\"96f89ff\" data-element_type=\"widget\" data-widget_type=\"image.default\">\n\t\t\t\t<div class=\"elementor-widget-container\">\n\t\t\t\t\t\t\t\t\t\t\t\t\t<img decoding=\"async\" width=\"800\" height=\"800\" src=\"https:\/\/www.protestedigital.com\/site\/wp-content\/uploads\/2024\/07\/Email-campaign-amico-1024x1024.png\" class=\"attachment-large size-large wp-image-172\" alt=\"\" srcset=\"https:\/\/www.protestedigital.com\/site\/wp-content\/uploads\/2024\/07\/Email-campaign-amico-1024x1024.png 1024w, https:\/\/www.protestedigital.com\/site\/wp-content\/uploads\/2024\/07\/Email-campaign-amico-300x300.png 300w, https:\/\/www.protestedigital.com\/site\/wp-content\/uploads\/2024\/07\/Email-campaign-amico-150x150.png 150w, https:\/\/www.protestedigital.com\/site\/wp-content\/uploads\/2024\/07\/Email-campaign-amico-768x768.png 768w, https:\/\/www.protestedigital.com\/site\/wp-content\/uploads\/2024\/07\/Email-campaign-amico-1536x1536.png 1536w, https:\/\/www.protestedigital.com\/site\/wp-content\/uploads\/2024\/07\/Email-campaign-amico.png 2000w\" sizes=\"(max-width: 800px) 100vw, 800px\" \/>\t\t\t\t\t\t\t\t\t\t\t\t\t<\/div>\n\t\t\t\t<\/div>\n\t\t\t\t<\/div>\n\t\t\t\t\t<\/div>\n\t\t\t\t<\/div>\n\t\t\t\t<\/div>\n\t\t","protected":false},"excerpt":{"rendered":"<p>O que \u00e9 a carta de anu\u00eancia? \u00a0 Uma carta de anu\u00eancia, tamb\u00e9m conhecida como anu\u00eancia\/autoriza\u00e7\u00e3o para cancelamento, \u00e9 um documento emitido pelo credor no qual ele declara ter recebido o valor integral da d\u00edvida e autoriza o cancelamento do protesto do devedor em cart\u00f3rio. Em resumo, a carta de anu\u00eancia funciona como uma prova [&hellip;]<\/p>\n","protected":false},"author":2,"featured_media":0,"parent":0,"menu_order":0,"comment_status":"closed","ping_status":"closed","template":"","meta":{"_joinchat":[],"footnotes":""},"class_list":["post-447","page","type-page","status-publish","hentry"],"_links":{"self":[{"href":"https:\/\/www.protestedigital.com\/site\/wp-json\/wp\/v2\/pages\/447","targetHints":{"allow":["GET"]}}],"collection":[{"href":"https:\/\/www.protestedigital.com\/site\/wp-json\/wp\/v2\/pages"}],"about":[{"href":"https:\/\/www.protestedigital.com\/site\/wp-json\/wp\/v2\/types\/page"}],"author":[{"embeddable":true,"href":"https:\/\/www.protestedigital.com\/site\/wp-json\/wp\/v2\/users\/2"}],"replies":[{"embeddable":true,"href":"https:\/\/www.protestedigital.com\/site\/wp-json\/wp\/v2\/comments?post=447"}],"version-history":[{"count":19,"href":"https:\/\/www.protestedigital.com\/site\/wp-json\/wp\/v2\/pages\/447\/revisions"}],"predecessor-version":[{"id":633,"href":"https:\/\/www.protestedigital.com\/site\/wp-json\/wp\/v2\/pages\/447\/revisions\/633"}],"wp:attachment":[{"href":"https:\/\/www.protestedigital.com\/site\/wp-json\/wp\/v2\/media?parent=447"}],"curies":[{"name":"wp","href":"https:\/\/api.w.org\/{rel}","templated":true}]}}